{"id":744,"date":"2024-10-10T10:52:58","date_gmt":"2024-10-10T10:52:58","guid":{"rendered":"https:\/\/adria-connect.git.humanfrog.com\/pricelist\/"},"modified":"2025-03-24T20:04:20","modified_gmt":"2025-03-24T20:04:20","slug":"cenik","status":"publish","type":"page","link":"https:\/\/adria-connect.si\/sl\/cenik\/","title":{"rendered":"Cenik"},"content":{"rendered":"        <div   class=\"gutenberg-block block columns col-1\">\n            <div class=\"column  bg_basic-0 col_\">\n    <div class=\"content container pt-0 pb-10\"><div class=\"element wysiwyg\">\n    <p>Va\u0161e mesto ni na seznamu? Ni\u010d zato! Po\u0161lite nam sporo\u010dilo ali nas pokli\u010dite &#8211; z veseljem vam pripravimo osebno ponudbo in vas zapeljemo to\u010dno tja, kamor \u017eelite.<\/p>\n<p>Va\u0161a pot je na\u0161e veselje.<\/p>\n<p>&nbsp;<\/p>\n<\/div><table class=\"element table\" cellpadding=\"0\" cellspacing=\"0\"><thead>\n        <tr><th>SLOVENIJA<\/th><th><\/th><\/tr>\n    <\/thead><tr><td>Letali\u0161\u010de Ljubljana &#8211; Ljubljana center<\/td><td>38\u20ac<\/td><\/tr><tr><td>Letali\u0161\u010de Ljubljana &#8211; Bled<\/td><td>60\u20ac<\/td><\/tr><tr><td>Letali\u0161\u010de Ljubljana &#8211; Bohinj<\/td><td>89\u20ac<\/td><\/tr><tr><td>Letali\u0161\u010de Ljubljana &#8211; Postojna<\/td><td>89\u20ac<\/td><\/tr><tr><td>Letali\u0161\u010de Ljubljana &#8211; Portoro\u017e<\/td><td>159\u20ac<\/td><\/tr><tr><td>Letali\u0161\u010de Ljubljana &#8211; Piran<\/td><td>159\u20ac<\/td><\/tr><tr><td>Letali\u0161\u010de Ljubljana &#8211; Roga\u0161ka Slatina<\/td><td>135\u20ac<\/td><\/tr><tr><td>Letali\u0161\u010de Ljubljana &#8211; Maribor<\/td><td>149\u20ac<\/td><\/tr><tr><td>Letali\u0161\u010de Ljubljana &#8211; Murska Sobota<\/td><td>200\u20ac<\/td><\/tr><\/table><table class=\"element table\" cellpadding=\"0\" cellspacing=\"0\"><thead>\n        <tr><th>AUSTRIJA<\/th><th><\/th><\/tr>\n    <\/thead><tr><td>Letali\u0161\u010de Ljubljana &#8211; Dunaj<\/td><td>409\u20ac<\/td><\/tr><tr><td>Letali\u0161\u010de Ljubljana &#8211; Gradec<\/td><td>219\u20ac<\/td><\/tr><tr><td>Letali\u0161\u010de Ljubljana &#8211; Salzburg<\/td><td>329\u20ac<\/td><\/tr><tr><td>Letali\u0161\u010de Ljubljana &#8211; Klagenfurt<\/td><td>109\u20ac<\/td><\/tr><\/table><table class=\"element table\" cellpadding=\"0\" cellspacing=\"0\"><thead>\n        <tr><th>ITALIJA<\/th><th><\/th><\/tr>\n    <\/thead><tr><td>Letali\u0161\u010de Ljubljana &#8211; Trst<\/td><td>129\u20ac<\/td><\/tr><tr><td>Letali\u0161\u010de Ljubljana &#8211; Trst letali\u0161\u010de<\/td><td>149\u20ac<\/td><\/tr><tr><td>Letali\u0161\u010de Ljubljana &#8211; Venezia Marco Polo<\/td><td>279\u20ac<\/td><\/tr><tr><td>Letali\u0161\u010de Ljubljana &#8211; Milano<\/td><td>539\u20ac<\/td><\/tr><tr><td>Letali\u0161\u010de Ljubljana  &#8211; Treviso<\/td><td>279\u20ac<\/td><\/tr><\/table><table class=\"element table\" cellpadding=\"0\" cellspacing=\"0\"><thead>\n        <tr><th>HRVA\u0160KA<\/th><th><\/th><\/tr>\n    <\/thead><tr><td>Letali\u0161\u010de Ljubljana &#8211; Zagreb<\/td><td>170\u20ac<\/td><\/tr><tr><td>Letali\u0161\u010de Ljubljana &#8211; Umag<\/td><td>159\u20ac<\/td><\/tr><tr><td>Letali\u0161\u010de Ljubljana &#8211; Rovinj<\/td><td>219\u20ac<\/td><\/tr><tr><td>Letali\u0161\u010de Ljubljana &#8211; Pore\u010d<\/td><td>199\u20ac<\/td><\/tr><tr><td>Letali\u0161\u010de Ljubljana &#8211; Pula<\/td><td>249\u20ac<\/td><\/tr><tr><td>Letali\u0161\u010de Ljubljana &#8211; Rijeka<\/td><td>149\u20ac<\/td><\/tr><tr><td>Letali\u0161\u010de Ljubljana &#8211; Dubrovnik<\/td><td>699\u20ac<\/td><\/tr><\/table><table class=\"element table\" cellpadding=\"0\" cellspacing=\"0\"><thead>\n        <tr><th>OSTALO<\/th><th><\/th><\/tr>\n    <\/thead><tr><td>\u010cakalna ura<\/td><td>20\u20ac \/ h<\/td><\/tr><tr><td>Otro\u0161ki sede\u017e<\/td><td>5\u20ac<\/td><\/tr><\/table><\/div><\/div>        <\/div>\n        ","protected":false},"excerpt":{"rendered":"","protected":false},"author":1,"featured_media":847,"parent":0,"menu_order":0,"comment_status":"closed","ping_status":"closed","template":"","meta":{"_acf_changed":false,"footnotes":""},"class_list":["post-744","page","type-page","status-publish","has-post-thumbnail","hentry"],"acf":[],"yoast_head":"<!-- This site is optimized with the Yoast SEO plugin v24.6 - https:\/\/yoast.com\/wordpress\/plugins\/seo\/ -->\n<title>Cenik - AdriaConnect<\/title>\n<meta name=\"description\" content=\"Cenik taksi prevozov z letali\u0161\u010da Ljubljana do razli\u010dnih destinacij v Sloveniji in tujini. Preverite udobne in zanesljive mo\u017enosti prevoza\" \/>\n<meta name=\"robots\" content=\"index, follow, max-snippet:-1, max-image-preview:large, max-video-preview:-1\" \/>\n<link rel=\"canonical\" href=\"http:\/\/adria-connect.si\/sl\/cenik\/\" \/>\n<meta property=\"og:locale\" content=\"sl_SI\" \/>\n<meta property=\"og:type\" content=\"article\" \/>\n<meta property=\"og:title\" content=\"Cenik - AdriaConnect\" \/>\n<meta property=\"og:description\" content=\"Cenik taksi prevozov z letali\u0161\u010da Ljubljana do razli\u010dnih destinacij v Sloveniji in tujini. Preverite udobne in zanesljive mo\u017enosti prevoza\" \/>\n<meta property=\"og:url\" content=\"http:\/\/adria-connect.si\/sl\/cenik\/\" \/>\n<meta property=\"og:site_name\" content=\"AdriaConnect\" \/>\n<meta property=\"article:modified_time\" content=\"2025-03-24T20:04:20+00:00\" \/>\n<meta property=\"og:image\" content=\"http:\/\/adria-connect.si\/wp-content\/uploads\/2025\/02\/ozadje_desktop.jpg\" \/>\n\t<meta property=\"og:image:width\" content=\"1600\" \/>\n\t<meta property=\"og:image:height\" content=\"1058\" \/>\n\t<meta property=\"og:image:type\" content=\"image\/jpeg\" \/>\n<meta name=\"twitter:card\" content=\"summary_large_image\" \/>\n<meta name=\"twitter:label1\" content=\"Est. reading time\" \/>\n\t<meta name=\"twitter:data1\" content=\"1 minuta\" \/>\n<script type=\"application\/ld+json\" class=\"yoast-schema-graph\">{\"@context\":\"https:\/\/schema.org\",\"@graph\":[{\"@type\":\"WebPage\",\"@id\":\"http:\/\/adria-connect.si\/sl\/cenik\/\",\"url\":\"http:\/\/adria-connect.si\/sl\/cenik\/\",\"name\":\"Cenik - AdriaConnect\",\"isPartOf\":{\"@id\":\"http:\/\/adria-connect.si\/#website\"},\"primaryImageOfPage\":{\"@id\":\"http:\/\/adria-connect.si\/sl\/cenik\/#primaryimage\"},\"image\":{\"@id\":\"http:\/\/adria-connect.si\/sl\/cenik\/#primaryimage\"},\"thumbnailUrl\":\"https:\/\/adria-connect.si\/wp-content\/uploads\/2025\/02\/ozadje_desktop.jpg\",\"datePublished\":\"2024-10-10T10:52:58+00:00\",\"dateModified\":\"2025-03-24T20:04:20+00:00\",\"description\":\"Cenik taksi prevozov z letali\u0161\u010da Ljubljana do razli\u010dnih destinacij v Sloveniji in tujini. Preverite udobne in zanesljive mo\u017enosti prevoza\",\"breadcrumb\":{\"@id\":\"http:\/\/adria-connect.si\/sl\/cenik\/#breadcrumb\"},\"inLanguage\":\"sl-SI\",\"potentialAction\":[{\"@type\":\"ReadAction\",\"target\":[\"http:\/\/adria-connect.si\/sl\/cenik\/\"]}]},{\"@type\":\"ImageObject\",\"inLanguage\":\"sl-SI\",\"@id\":\"http:\/\/adria-connect.si\/sl\/cenik\/#primaryimage\",\"url\":\"https:\/\/adria-connect.si\/wp-content\/uploads\/2025\/02\/ozadje_desktop.jpg\",\"contentUrl\":\"https:\/\/adria-connect.si\/wp-content\/uploads\/2025\/02\/ozadje_desktop.jpg\",\"width\":1600,\"height\":1058},{\"@type\":\"BreadcrumbList\",\"@id\":\"http:\/\/adria-connect.si\/sl\/cenik\/#breadcrumb\",\"itemListElement\":[{\"@type\":\"ListItem\",\"position\":1,\"name\":\"Home\",\"item\":\"https:\/\/adria-connect.si\/sl\/\"},{\"@type\":\"ListItem\",\"position\":2,\"name\":\"Cenik\"}]},{\"@type\":\"WebSite\",\"@id\":\"http:\/\/adria-connect.si\/#website\",\"url\":\"http:\/\/adria-connect.si\/\",\"name\":\"AdriaConnect\",\"description\":\"\",\"publisher\":{\"@id\":\"http:\/\/adria-connect.si\/#organization\"},\"alternateName\":\"Ljubljana airport taxi transfers\",\"potentialAction\":[{\"@type\":\"SearchAction\",\"target\":{\"@type\":\"EntryPoint\",\"urlTemplate\":\"http:\/\/adria-connect.si\/?s={search_term_string}\"},\"query-input\":{\"@type\":\"PropertyValueSpecification\",\"valueRequired\":true,\"valueName\":\"search_term_string\"}}],\"inLanguage\":\"sl-SI\"},{\"@type\":\"Organization\",\"@id\":\"http:\/\/adria-connect.si\/#organization\",\"name\":\"AdriaConnect\",\"alternateName\":\"Ljubljana airport taxi transfers\",\"url\":\"http:\/\/adria-connect.si\/\",\"logo\":{\"@type\":\"ImageObject\",\"inLanguage\":\"sl-SI\",\"@id\":\"http:\/\/adria-connect.si\/#\/schema\/logo\/image\/\",\"url\":\"https:\/\/adria-connect.si\/wp-content\/uploads\/2024\/07\/adria-logo-main.svg\",\"contentUrl\":\"https:\/\/adria-connect.si\/wp-content\/uploads\/2024\/07\/adria-logo-main.svg\",\"width\":1,\"height\":1,\"caption\":\"AdriaConnect\"},\"image\":{\"@id\":\"http:\/\/adria-connect.si\/#\/schema\/logo\/image\/\"}}]}<\/script>\n<!-- \/ Yoast SEO plugin. -->","yoast_head_json":{"title":"Cenik - AdriaConnect","description":"Cenik taksi prevozov z letali\u0161\u010da Ljubljana do razli\u010dnih destinacij v Sloveniji in tujini. Preverite udobne in zanesljive mo\u017enosti prevoza","robots":{"index":"index","follow":"follow","max-snippet":"max-snippet:-1","max-image-preview":"max-image-preview:large","max-video-preview":"max-video-preview:-1"},"canonical":"http:\/\/adria-connect.si\/sl\/cenik\/","og_locale":"sl_SI","og_type":"article","og_title":"Cenik - AdriaConnect","og_description":"Cenik taksi prevozov z letali\u0161\u010da Ljubljana do razli\u010dnih destinacij v Sloveniji in tujini. Preverite udobne in zanesljive mo\u017enosti prevoza","og_url":"http:\/\/adria-connect.si\/sl\/cenik\/","og_site_name":"AdriaConnect","article_modified_time":"2025-03-24T20:04:20+00:00","og_image":[{"width":1600,"height":1058,"url":"http:\/\/adria-connect.si\/wp-content\/uploads\/2025\/02\/ozadje_desktop.jpg","type":"image\/jpeg"}],"twitter_card":"summary_large_image","twitter_misc":{"Est. reading time":"1 minuta"},"schema":{"@context":"https:\/\/schema.org","@graph":[{"@type":"WebPage","@id":"http:\/\/adria-connect.si\/sl\/cenik\/","url":"http:\/\/adria-connect.si\/sl\/cenik\/","name":"Cenik - AdriaConnect","isPartOf":{"@id":"http:\/\/adria-connect.si\/#website"},"primaryImageOfPage":{"@id":"http:\/\/adria-connect.si\/sl\/cenik\/#primaryimage"},"image":{"@id":"http:\/\/adria-connect.si\/sl\/cenik\/#primaryimage"},"thumbnailUrl":"https:\/\/adria-connect.si\/wp-content\/uploads\/2025\/02\/ozadje_desktop.jpg","datePublished":"2024-10-10T10:52:58+00:00","dateModified":"2025-03-24T20:04:20+00:00","description":"Cenik taksi prevozov z letali\u0161\u010da Ljubljana do razli\u010dnih destinacij v Sloveniji in tujini. Preverite udobne in zanesljive mo\u017enosti prevoza","breadcrumb":{"@id":"http:\/\/adria-connect.si\/sl\/cenik\/#breadcrumb"},"inLanguage":"sl-SI","potentialAction":[{"@type":"ReadAction","target":["http:\/\/adria-connect.si\/sl\/cenik\/"]}]},{"@type":"ImageObject","inLanguage":"sl-SI","@id":"http:\/\/adria-connect.si\/sl\/cenik\/#primaryimage","url":"https:\/\/adria-connect.si\/wp-content\/uploads\/2025\/02\/ozadje_desktop.jpg","contentUrl":"https:\/\/adria-connect.si\/wp-content\/uploads\/2025\/02\/ozadje_desktop.jpg","width":1600,"height":1058},{"@type":"BreadcrumbList","@id":"http:\/\/adria-connect.si\/sl\/cenik\/#breadcrumb","itemListElement":[{"@type":"ListItem","position":1,"name":"Home","item":"https:\/\/adria-connect.si\/sl\/"},{"@type":"ListItem","position":2,"name":"Cenik"}]},{"@type":"WebSite","@id":"http:\/\/adria-connect.si\/#website","url":"http:\/\/adria-connect.si\/","name":"AdriaConnect","description":"","publisher":{"@id":"http:\/\/adria-connect.si\/#organization"},"alternateName":"Ljubljana airport taxi transfers","potentialAction":[{"@type":"SearchAction","target":{"@type":"EntryPoint","urlTemplate":"http:\/\/adria-connect.si\/?s={search_term_string}"},"query-input":{"@type":"PropertyValueSpecification","valueRequired":true,"valueName":"search_term_string"}}],"inLanguage":"sl-SI"},{"@type":"Organization","@id":"http:\/\/adria-connect.si\/#organization","name":"AdriaConnect","alternateName":"Ljubljana airport taxi transfers","url":"http:\/\/adria-connect.si\/","logo":{"@type":"ImageObject","inLanguage":"sl-SI","@id":"http:\/\/adria-connect.si\/#\/schema\/logo\/image\/","url":"https:\/\/adria-connect.si\/wp-content\/uploads\/2024\/07\/adria-logo-main.svg","contentUrl":"https:\/\/adria-connect.si\/wp-content\/uploads\/2024\/07\/adria-logo-main.svg","width":1,"height":1,"caption":"AdriaConnect"},"image":{"@id":"http:\/\/adria-connect.si\/#\/schema\/logo\/image\/"}}]}},"_links":{"self":[{"href":"https:\/\/adria-connect.si\/sl\/wp-json\/wp\/v2\/pages\/744","targetHints":{"allow":["GET"]}}],"collection":[{"href":"https:\/\/adria-connect.si\/sl\/wp-json\/wp\/v2\/pages"}],"about":[{"href":"https:\/\/adria-connect.si\/sl\/wp-json\/wp\/v2\/types\/page"}],"author":[{"embeddable":true,"href":"https:\/\/adria-connect.si\/sl\/wp-json\/wp\/v2\/users\/1"}],"replies":[{"embeddable":true,"href":"https:\/\/adria-connect.si\/sl\/wp-json\/wp\/v2\/comments?post=744"}],"version-history":[{"count":7,"href":"https:\/\/adria-connect.si\/sl\/wp-json\/wp\/v2\/pages\/744\/revisions"}],"predecessor-version":[{"id":889,"href":"https:\/\/adria-connect.si\/sl\/wp-json\/wp\/v2\/pages\/744\/revisions\/889"}],"wp:featuredmedia":[{"embeddable":true,"href":"https:\/\/adria-connect.si\/sl\/wp-json\/wp\/v2\/media\/847"}],"wp:attachment":[{"href":"https:\/\/adria-connect.si\/sl\/wp-json\/wp\/v2\/media?parent=744"}],"curies":[{"name":"wp","href":"https:\/\/api.w.org\/{rel}","templated":true}]}}